{"id":10,"date":"2023-11-22T07:50:47","date_gmt":"2023-11-22T06:50:47","guid":{"rendered":"https:\/\/pascal.hiernard.bzh\/?page_id=10"},"modified":"2025-02-19T17:55:29","modified_gmt":"2025-02-19T16:55:29","slug":"presentation","status":"publish","type":"page","link":"https:\/\/pascal.hiernard.bzh\/","title":{"rendered":"Pr\u00e9sentation"},"content":{"rendered":"<div id=\"pl-10\"  class=\"panel-layout\" ><div id=\"pg-10-0\"  class=\"panel-grid panel-no-style\" ><div id=\"pgc-10-0-0\"  class=\"panel-grid-cell\" ><div id=\"panel-10-0-0-0\" class=\"so-panel widget widget_sow-editor panel-first-child\" data-index=\"0\" ><div\n\t\t\t\n\t\t\tclass=\"so-widget-sow-editor so-widget-sow-editor-base\"\n\t\t\t\n\t\t><h3 class=\"widget-title\">Responsable Service Informatique<\/h3>\n<div class=\"siteorigin-widget-tinymce textwidget\">\n\t<p>Avec ces <strong>7 derni\u00e8res ann\u00e9es d\u2019exp\u00e9rience<\/strong> dans la direction de service informatique, je serai ravi de rejoindre vos effectifs, et de contribuer au d\u00e9veloppement de votre activit\u00e9.<br \/>\nJ\u2019ai accompagn\u00e9 les entit\u00e9s publiques dans l\u2019identification, la d\u00e9finition et la livraison des projets informatiques aussi divers que les infrastructures syst\u00e8mes ou le passage \u00e0 M365, par exemple.<\/p>\n<p>J\u2019assure \u00e9galement la coordination de la planification des projets, la budg\u00e9tisation et l\u2019ex\u00e9cution des t\u00e2ches administratives associ\u00e9es aux fonctions de gestion de projet.<\/p>\n<\/div>\n<\/div><\/div><div id=\"panel-10-0-0-1\" class=\"so-panel widget widget_sow-image\" data-index=\"1\" ><div\n\t\t\t\n\t\t\tclass=\"so-widget-sow-image so-widget-sow-image-default-8b5b6f678277-10\"\n\t\t\t\n\t\t>\n<div class=\"sow-image-container\">\n\t\t<img \n\tsrc=\"https:\/\/pascal.hiernard.bzh\/wp-content\/uploads\/2023\/11\/banniere-phiernard.jpg\" width=\"1920\" height=\"330\" srcset=\"https:\/\/pascal.hiernard.bzh\/wp-content\/uploads\/2023\/11\/banniere-phiernard.jpg 1920w, https:\/\/pascal.hiernard.bzh\/wp-content\/uploads\/2023\/11\/banniere-phiernard-300x52.jpg 300w, https:\/\/pascal.hiernard.bzh\/wp-content\/uploads\/2023\/11\/banniere-phiernard-1024x176.jpg 1024w\" sizes=\"(max-width: 1920px) 100vw, 1920px\" title=\"Technicien du spectacle, Int\u00e9grateur Web, Graphiste\" alt=\"Technicien du spectacle, Int\u00e9grateur Web, Graphiste\" \t\tclass=\"so-widget-image\"\/>\n\t<\/div>\n\n<\/div><\/div><div id=\"panel-10-0-0-2\" class=\"so-panel widget widget_sow-editor panel-last-child\" data-index=\"2\" ><div\n\t\t\t\n\t\t\tclass=\"so-widget-sow-editor so-widget-sow-editor-base\"\n\t\t\t\n\t\t><h3 class=\"widget-title\">Technicien du spectacle, Int\u00e9grateur Web, Graphiste<\/h3>\n<div class=\"siteorigin-widget-tinymce textwidget\">\n\t<p>Avec <strong>5 ann\u00e9es d\u2019exp\u00e9rience<\/strong> au sein de l'\u00e9quipe audiovisuelle du Parc de <a href=\"https:\/\/www.marineland.fr\/\" target=\"_blank\" rel=\"noopener\">Marineland<\/a> \u00e0 Antibes, j'ai pu parfaire mes connaissances en son, lumi\u00e8res, laser et pyrotechnie.<br \/>\nJ'ai, \u00e9galement, fait partie de l'\u00e9quipe de conception des spectacles du parc.<br \/>\nJe suis, \u00e0 mes heures perdues, technicien son et lumi\u00e8res pour diff\u00e9rents troupes de th\u00e9\u00e2tre du sud de Rennes, sous l'\u00e9gide du <a href=\"https:\/\/lepetitsouffleur.fr\/\" target=\"_blank\" rel=\"noopener\">P'tit Souffleur<\/a>.<\/p>\n<p><strong>Depuis mon enfance<\/strong>, la pratique de la musique puis du th\u00e9\u00e2tre m'avait appris les bases du spectacle c\u00f4t\u00e9 sc\u00e8ne !<br \/>\nJe ma\u00eetrise, d\u00e9sormais aussi, l'envers du d\u00e9cors.<\/p>\n<p>Pendant <strong>10 ann\u00e9es<\/strong>, en parall\u00e8le de mon activit\u00e9 professionnelle, j'ai d\u00e9cid\u00e9 de me lancer en freelance, en tant que webmaster et graphiste.<br \/>\nCela m'a permis de cr\u00e9er diff\u00e9rents supports de communication pour des TPME.<\/p>\n<\/div>\n<\/div><\/div><\/div><div id=\"pgc-10-0-1\"  class=\"panel-grid-cell\" ><div id=\"panel-10-0-1-0\" class=\"so-panel widget widget_sow-editor panel-first-child panel-last-child\" data-index=\"3\" ><div\n\t\t\t\n\t\t\tclass=\"so-widget-sow-editor so-widget-sow-editor-base\"\n\t\t\t\n\t\t><h3 class=\"widget-title\">Un parcours riche en diversit\u00e9<\/h3>\n<div class=\"siteorigin-widget-tinymce textwidget\">\n\t<p>Mon parcours d\u00e9bute par l'universit\u00e9 de Reims (51) avec un <strong>DEUG LEA<\/strong> (Anglais, Allemand).<\/p>\n<p>Je trouve tr\u00e8s vite une orientation \u00e0 donner \u00e0 l'apprentissage des langues avec le <strong>BTS Tourisme<\/strong> et le concours de <strong>Guide Interpr\u00e8te National (Bac +3)<\/strong>.<\/p>\n<p>Mes premi\u00e8res exp\u00e9riences professionnelles me font d\u00e9couvrir un autre pan du secteur touristique : <strong>l'animation touristique<\/strong>.<\/p>\n<p>1993 me voit arriver \u00e0 Cannes pour une formation<strong> (bac +2) en animation et conception de produits touristiques<\/strong>.<\/p>\n<p>Apr\u00e8s quelques ann\u00e9es d'\u00e9volution dans le domaine, une opportunit\u00e9 m'est offerte d'int\u00e9grer un service jeunesse sur la r\u00e9gion PACA.<br \/>\nMe voici nomm\u00e9 <strong>responsable d\u00e9veloppement<\/strong> \u00e0 l'<a href=\"https:\/\/www.communaute.paysdechateaugiron.bzh\/\"><strong>USBTP<\/strong><\/a> : en quelques ann\u00e9es, nous r\u00e9tablissons un \u00e9quilibre financier, am\u00e9liorons l'offre de s\u00e9jours en France et \u00e0 l'\u00e9tranger pour des jeunes de 08 \u00e0 17 ans.<\/p>\n<p>Je me tourne, ensuite, vers ma passion de toujours : <strong>le spectacle<\/strong>. Je passe par le \"off\" de Jazz \u00e0 Juans, puis le parc de <a href=\"https:\/\/www.marineland.fr\/\" target=\"_blank\" rel=\"noopener\">Marineland<\/a> comme <strong>technicien du spectacle<\/strong>.<\/p>\n<p>2012 annonce un grand changement : direction l'<strong>informatique et le multim\u00e9dia<\/strong>, en passant par une <a href=\"http:\/\/lp-imapp.unice.fr\/\" target=\"_blank\" rel=\"noopener\"><strong>licence pro IMAPP<\/strong><\/a> \u00e0 l'universit\u00e9 de Nice-Sophia Antipolis.<\/p>\n<p>2013 poursuit le changement avec mon arriv\u00e9e en Bretagne : tout d'abord <strong>auto-entrepreneur<\/strong> dans le web et la communication, je passe, ensuite, par quelques ann\u00e9es \u00e0 l'universit\u00e9 Rennes1 (<a href=\"https:\/\/langues.univ-rennes.fr\/\" target=\"_blank\" rel=\"noopener\"><strong>service des langues \u00e9trang\u00e8res<\/strong><\/a>), en tant qu'<strong>int\u00e9grateur web<\/strong>.<\/p>\n<p>2018 apporte un nouveau grand virage : une proposition m'est faite pour <strong>r\u00e9organiser le service informatique<\/strong> du <a href=\"https:\/\/www.communaute.paysdechateaugiron.bzh\/\" target=\"_blank\" rel=\"noopener\"><strong>Pays de Ch\u00e2teaugiron Communaut\u00e9<\/strong><\/a>, poste que j'occupe toujours actuellement.<\/p>\n<\/div>\n<\/div><\/div><\/div><\/div><\/div>","protected":false},"excerpt":{"rendered":"<p>Avec ces 7 derni\u00e8res ann\u00e9es d\u2019exp\u00e9rience dans la direction de service informatique, je serai ravi de rejoindre vos effectifs, et de contribuer au d\u00e9veloppement de votre activit\u00e9. J\u2019ai accompagn\u00e9 les entit\u00e9s publiques dans l\u2019identification, la d\u00e9finition et la livraison des projets informatiques aussi divers que les infrastructures syst\u00e8mes ou le passage \u00e0 M365, par exemple. [&hellip;]<\/p>\n","protected":false},"author":1,"featured_media":0,"parent":0,"menu_order":0,"comment_status":"closed","ping_status":"closed","template":"","meta":{"footnotes":""},"class_list":["post-10","page","type-page","status-publish","hentry"],"_links":{"self":[{"href":"https:\/\/pascal.hiernard.bzh\/index.php?rest_route=\/wp\/v2\/pages\/10","targetHints":{"allow":["GET"]}}],"collection":[{"href":"https:\/\/pascal.hiernard.bzh\/index.php?rest_route=\/wp\/v2\/pages"}],"about":[{"href":"https:\/\/pascal.hiernard.bzh\/index.php?rest_route=\/wp\/v2\/types\/page"}],"author":[{"embeddable":true,"href":"https:\/\/pascal.hiernard.bzh\/index.php?rest_route=\/wp\/v2\/users\/1"}],"replies":[{"embeddable":true,"href":"https:\/\/pascal.hiernard.bzh\/index.php?rest_route=%2Fwp%2Fv2%2Fcomments&post=10"}],"version-history":[{"count":10,"href":"https:\/\/pascal.hiernard.bzh\/index.php?rest_route=\/wp\/v2\/pages\/10\/revisions"}],"predecessor-version":[{"id":227,"href":"https:\/\/pascal.hiernard.bzh\/index.php?rest_route=\/wp\/v2\/pages\/10\/revisions\/227"}],"wp:attachment":[{"href":"https:\/\/pascal.hiernard.bzh\/index.php?rest_route=%2Fwp%2Fv2%2Fmedia&parent=10"}],"curies":[{"name":"wp","href":"https:\/\/api.w.org\/{rel}","templated":true}]}}